{"id":4176,"date":"2021-05-18T22:38:26","date_gmt":"2021-05-18T22:38:26","guid":{"rendered":"https:\/\/munisanjuansac.org\/msj\/?page_id=4176"},"modified":"2022-02-03T22:03:00","modified_gmt":"2022-02-03T22:03:00","slug":"depositos-constituidos-con-fondos-publicos-2021","status":"publish","type":"page","link":"https:\/\/munisanjuansac.org\/msj\/depositos-constituidos-con-fondos-publicos-2021\/","title":{"rendered":"Dep\u00f3sitos Constituidos con Fondos P\u00fablicos 2021"},"content":{"rendered":"<p><a href=\"https:\/\/munisanjuansac.org\/msj\/wp-content\/uploads\/2021\/05\/09A012021-DEPOSITOS-ENE-2021.pdf\">Dep\u00f3sitos Constituidos con Fondos P\u00fablicos ENERO 2021<\/a><\/p>\n<p><a href=\"https:\/\/munisanjuansac.org\/msj\/wp-content\/uploads\/2021\/05\/09A022021-DEPOSITOS-FEB-2021.pdf\">Dep\u00f3sitos Constituidos con Fondos P\u00fablicos FEBRERO 2021<\/a><\/p>\n<p><a href=\"https:\/\/munisanjuansac.org\/msj\/wp-content\/uploads\/2021\/05\/09A032021-DEPOSITOS-MAR-2021.pdf\">Dep\u00f3sitos Constituidos con Fondos P\u00fablicos MARZO 2021<\/a><\/p>\n<p><a href=\"https:\/\/munisanjuansac.org\/msj\/wp-content\/uploads\/2021\/05\/09A042021-DEPOSITOS-ABR-2021.pdf\">Dep\u00f3sitos Constituidos con Fondos P\u00fablicos ABRIL 2021<\/a><\/p>\n<p><a href=\"https:\/\/munisanjuansac.org\/msj\/wp-content\/uploads\/2021\/06\/09A052021-DEPOSITOS-MAY-2021.pdf\">Dep\u00f3sitos Constituidos con Fondos P\u00fablicos MAYO 2021<\/a><\/p>\n<p><a href=\"https:\/\/munisanjuansac.org\/msj\/wp-content\/uploads\/2021\/08\/09A062021-DEPOSITOS-JUN-2021.pdf\">Dep\u00f3sitos Constituidos con Fondos P\u00fablicos JUNIO 2021<\/a><\/p>\n<p><a href=\"https:\/\/munisanjuansac.org\/msj\/wp-content\/uploads\/2021\/09\/09A072021-DEPOSITOS-JUL-2021.pdf\">Dep\u00f3sitos Constituidos con Fondos P\u00fablicos JULIO 2021<\/a><\/p>\n<p><a href=\"https:\/\/munisanjuansac.org\/msj\/wp-content\/uploads\/2021\/09\/09A082021-DEPOSITOS-AGO-2021.pdf\">Dep\u00f3sitos Constituidos con Fondos P\u00fablicos AGOSTO 2021<\/a><\/p>\n<p><a href=\"https:\/\/munisanjuansac.org\/msj\/wp-content\/uploads\/2021\/10\/09A092021-DEPOSITOS-SEP-2021.pdf\">Dep\u00f3sitos Constituidos con Fondos P\u00fablicos SEPTIEMBRE 2021<\/a><\/p>\n<p><a href=\"https:\/\/munisanjuansac.org\/msj\/wp-content\/uploads\/2021\/12\/09A102021-DEPOSITOS-OCT-2021.pdf\">Dep\u00f3sitos Constituidos con Fondos P\u00fablicos OCTUBRE 2021<\/a><\/p>\n<p><a href=\"https:\/\/munisanjuansac.org\/msj\/wp-content\/uploads\/2022\/02\/09A112021-DEPOSITOS-NOV-2021.pdf\">Dep\u00f3sitos Constituidos con Fondos P\u00fablicos NOVIEMBRE 2021<\/a><\/p>\n<p><a href=\"https:\/\/munisanjuansac.org\/msj\/wp-content\/uploads\/2022\/02\/09A122021-DEPOSITOS-DIC-2021.pdf\">Dep\u00f3sitos Constituidos con Fondos P\u00fablicos DCIEMBRE 2021<\/a><\/p>\n<p>&nbsp;<\/p>\n<p>&nbsp;<\/p>\n","protected":false},"excerpt":{"rendered":"<p>Dep\u00f3sitos Constituidos con Fondos P\u00fablicos ENERO 2021 Dep\u00f3sitos Constituidos con Fondos P\u00fablicos FEBRERO 2021 Dep\u00f3sitos Constituidos con Fondos P\u00fablicos MARZO 2021 Dep\u00f3sitos Constituidos con Fondos P\u00fablicos ABRIL 2021 Dep\u00f3sitos Constituidos&hellip;<\/p>\n","protected":false},"author":5,"featured_media":0,"parent":0,"menu_order":0,"comment_status":"closed","ping_status":"closed","template":"","meta":{"footnotes":""},"class_list":["post-4176","page","type-page","status-publish","hentry"],"yoast_head":"<!-- This site is optimized with the Yoast SEO plugin v22.0 - https:\/\/yoast.com\/wordpress\/plugins\/seo\/ -->\n<title>Dep\u00f3sitos Constituidos con Fondos P\u00fablicos 2021 - Municipalidad de San Juan Sacatep\u00e9quez<\/title>\n<meta name=\"robots\" content=\"index, follow, max-snippet:-1, max-image-preview:large, max-video-preview:-1\" \/>\n<link rel=\"canonical\" href=\"https:\/\/munisanjuansac.org\/msj\/depositos-constituidos-con-fondos-publicos-2021\/\" \/>\n<meta property=\"og:locale\" content=\"es_ES\" \/>\n<meta property=\"og:type\" content=\"article\" \/>\n<meta property=\"og:title\" content=\"Dep\u00f3sitos Constituidos con Fondos P\u00fablicos 2021 - Municipalidad de San Juan Sacatep\u00e9quez\" \/>\n<meta property=\"og:description\" content=\"Dep\u00f3sitos Constituidos con Fondos P\u00fablicos ENERO 2021 Dep\u00f3sitos Constituidos con Fondos P\u00fablicos FEBRERO 2021 Dep\u00f3sitos Constituidos con Fondos P\u00fablicos MARZO 2021 Dep\u00f3sitos Constituidos con Fondos P\u00fablicos ABRIL 2021 Dep\u00f3sitos Constituidos&hellip;\" \/>\n<meta property=\"og:url\" content=\"https:\/\/munisanjuansac.org\/msj\/depositos-constituidos-con-fondos-publicos-2021\/\" \/>\n<meta property=\"og:site_name\" content=\"Municipalidad de San Juan Sacatep\u00e9quez\" \/>\n<meta property=\"article:publisher\" content=\"https:\/\/www.facebook.com\/MunicipalidadSanJuanSacatepequez\" \/>\n<meta property=\"article:modified_time\" content=\"2022-02-03T22:03:00+00:00\" \/>\n<meta name=\"twitter:card\" content=\"summary_large_image\" \/>\n<meta name=\"twitter:site\" content=\"@SanJuanSacatep1\" \/>\n<script type=\"application\/ld+json\" class=\"yoast-schema-graph\">{\"@context\":\"https:\/\/schema.org\",\"@graph\":[{\"@type\":\"WebPage\",\"@id\":\"https:\/\/munisanjuansac.org\/msj\/depositos-constituidos-con-fondos-publicos-2021\/\",\"url\":\"https:\/\/munisanjuansac.org\/msj\/depositos-constituidos-con-fondos-publicos-2021\/\",\"name\":\"Dep\u00f3sitos Constituidos con Fondos P\u00fablicos 2021 - Municipalidad de San Juan Sacatep\u00e9quez\",\"isPartOf\":{\"@id\":\"https:\/\/munisanjuansac.org\/msj\/#website\"},\"datePublished\":\"2021-05-18T22:38:26+00:00\",\"dateModified\":\"2022-02-03T22:03:00+00:00\",\"breadcrumb\":{\"@id\":\"https:\/\/munisanjuansac.org\/msj\/depositos-constituidos-con-fondos-publicos-2021\/#breadcrumb\"},\"inLanguage\":\"es\",\"potentialAction\":[{\"@type\":\"ReadAction\",\"target\":[\"https:\/\/munisanjuansac.org\/msj\/depositos-constituidos-con-fondos-publicos-2021\/\"]}]},{\"@type\":\"BreadcrumbList\",\"@id\":\"https:\/\/munisanjuansac.org\/msj\/depositos-constituidos-con-fondos-publicos-2021\/#breadcrumb\",\"itemListElement\":[{\"@type\":\"ListItem\",\"position\":1,\"name\":\"Portada\",\"item\":\"https:\/\/munisanjuansac.org\/msj\/\"},{\"@type\":\"ListItem\",\"position\":2,\"name\":\"Dep\u00f3sitos Constituidos con Fondos P\u00fablicos 2021\"}]},{\"@type\":\"WebSite\",\"@id\":\"https:\/\/munisanjuansac.org\/msj\/#website\",\"url\":\"https:\/\/munisanjuansac.org\/msj\/\",\"name\":\"Municipalidad de San Juan Sacatep\u00e9quez\",\"description\":\"\",\"publisher\":{\"@id\":\"https:\/\/munisanjuansac.org\/msj\/#organization\"},\"potentialAction\":[{\"@type\":\"SearchAction\",\"target\":{\"@type\":\"EntryPoint\",\"urlTemplate\":\"https:\/\/munisanjuansac.org\/msj\/?s={search_term_string}\"},\"query-input\":\"required name=search_term_string\"}],\"inLanguage\":\"es\"},{\"@type\":\"Organization\",\"@id\":\"https:\/\/munisanjuansac.org\/msj\/#organization\",\"name\":\"Municipalidad de San Juan Sacatep\u00e9quez\",\"url\":\"https:\/\/munisanjuansac.org\/msj\/\",\"logo\":{\"@type\":\"ImageObject\",\"inLanguage\":\"es\",\"@id\":\"https:\/\/munisanjuansac.org\/msj\/#\/schema\/logo\/image\/\",\"url\":\"https:\/\/munisanjuansac.org\/msj\/wp-content\/uploads\/2023\/11\/LOGO-45-DE-ANCHO-POR-50-DE-ALTO-DERECHO-E-IZQUIERDO-921x1024.png\",\"contentUrl\":\"https:\/\/munisanjuansac.org\/msj\/wp-content\/uploads\/2023\/11\/LOGO-45-DE-ANCHO-POR-50-DE-ALTO-DERECHO-E-IZQUIERDO-921x1024.png\",\"width\":921,\"height\":1024,\"caption\":\"Municipalidad de San Juan Sacatep\u00e9quez\"},\"image\":{\"@id\":\"https:\/\/munisanjuansac.org\/msj\/#\/schema\/logo\/image\/\"},\"sameAs\":[\"https:\/\/www.facebook.com\/MunicipalidadSanJuanSacatepequez\",\"https:\/\/twitter.com\/SanJuanSacatep1\",\"https:\/\/www.youtube.com\/@municipalidadsanjuansacate2849\/videos\",\"https:\/\/www.tiktok.com\/@munisanjuansac?lang=es\",\"https:\/\/www.tiktok.com\/@jc_pellecer?lang=es\"]}]}<\/script>\n<!-- \/ Yoast SEO plugin. -->","yoast_head_json":{"title":"Dep\u00f3sitos Constituidos con Fondos P\u00fablicos 2021 - Municipalidad de San Juan Sacatep\u00e9quez","robots":{"index":"index","follow":"follow","max-snippet":"max-snippet:-1","max-image-preview":"max-image-preview:large","max-video-preview":"max-video-preview:-1"},"canonical":"https:\/\/munisanjuansac.org\/msj\/depositos-constituidos-con-fondos-publicos-2021\/","og_locale":"es_ES","og_type":"article","og_title":"Dep\u00f3sitos Constituidos con Fondos P\u00fablicos 2021 - Municipalidad de San Juan Sacatep\u00e9quez","og_description":"Dep\u00f3sitos Constituidos con Fondos P\u00fablicos ENERO 2021 Dep\u00f3sitos Constituidos con Fondos P\u00fablicos FEBRERO 2021 Dep\u00f3sitos Constituidos con Fondos P\u00fablicos MARZO 2021 Dep\u00f3sitos Constituidos con Fondos P\u00fablicos ABRIL 2021 Dep\u00f3sitos Constituidos&hellip;","og_url":"https:\/\/munisanjuansac.org\/msj\/depositos-constituidos-con-fondos-publicos-2021\/","og_site_name":"Municipalidad de San Juan Sacatep\u00e9quez","article_publisher":"https:\/\/www.facebook.com\/MunicipalidadSanJuanSacatepequez","article_modified_time":"2022-02-03T22:03:00+00:00","twitter_card":"summary_large_image","twitter_site":"@SanJuanSacatep1","schema":{"@context":"https:\/\/schema.org","@graph":[{"@type":"WebPage","@id":"https:\/\/munisanjuansac.org\/msj\/depositos-constituidos-con-fondos-publicos-2021\/","url":"https:\/\/munisanjuansac.org\/msj\/depositos-constituidos-con-fondos-publicos-2021\/","name":"Dep\u00f3sitos Constituidos con Fondos P\u00fablicos 2021 - Municipalidad de San Juan Sacatep\u00e9quez","isPartOf":{"@id":"https:\/\/munisanjuansac.org\/msj\/#website"},"datePublished":"2021-05-18T22:38:26+00:00","dateModified":"2022-02-03T22:03:00+00:00","breadcrumb":{"@id":"https:\/\/munisanjuansac.org\/msj\/depositos-constituidos-con-fondos-publicos-2021\/#breadcrumb"},"inLanguage":"es","potentialAction":[{"@type":"ReadAction","target":["https:\/\/munisanjuansac.org\/msj\/depositos-constituidos-con-fondos-publicos-2021\/"]}]},{"@type":"BreadcrumbList","@id":"https:\/\/munisanjuansac.org\/msj\/depositos-constituidos-con-fondos-publicos-2021\/#breadcrumb","itemListElement":[{"@type":"ListItem","position":1,"name":"Portada","item":"https:\/\/munisanjuansac.org\/msj\/"},{"@type":"ListItem","position":2,"name":"Dep\u00f3sitos Constituidos con Fondos P\u00fablicos 2021"}]},{"@type":"WebSite","@id":"https:\/\/munisanjuansac.org\/msj\/#website","url":"https:\/\/munisanjuansac.org\/msj\/","name":"Municipalidad de San Juan Sacatep\u00e9quez","description":"","publisher":{"@id":"https:\/\/munisanjuansac.org\/msj\/#organization"},"potentialAction":[{"@type":"SearchAction","target":{"@type":"EntryPoint","urlTemplate":"https:\/\/munisanjuansac.org\/msj\/?s={search_term_string}"},"query-input":"required name=search_term_string"}],"inLanguage":"es"},{"@type":"Organization","@id":"https:\/\/munisanjuansac.org\/msj\/#organization","name":"Municipalidad de San Juan Sacatep\u00e9quez","url":"https:\/\/munisanjuansac.org\/msj\/","logo":{"@type":"ImageObject","inLanguage":"es","@id":"https:\/\/munisanjuansac.org\/msj\/#\/schema\/logo\/image\/","url":"https:\/\/munisanjuansac.org\/msj\/wp-content\/uploads\/2023\/11\/LOGO-45-DE-ANCHO-POR-50-DE-ALTO-DERECHO-E-IZQUIERDO-921x1024.png","contentUrl":"https:\/\/munisanjuansac.org\/msj\/wp-content\/uploads\/2023\/11\/LOGO-45-DE-ANCHO-POR-50-DE-ALTO-DERECHO-E-IZQUIERDO-921x1024.png","width":921,"height":1024,"caption":"Municipalidad de San Juan Sacatep\u00e9quez"},"image":{"@id":"https:\/\/munisanjuansac.org\/msj\/#\/schema\/logo\/image\/"},"sameAs":["https:\/\/www.facebook.com\/MunicipalidadSanJuanSacatepequez","https:\/\/twitter.com\/SanJuanSacatep1","https:\/\/www.youtube.com\/@municipalidadsanjuansacate2849\/videos","https:\/\/www.tiktok.com\/@munisanjuansac?lang=es","https:\/\/www.tiktok.com\/@jc_pellecer?lang=es"]}]}},"_links":{"self":[{"href":"https:\/\/munisanjuansac.org\/msj\/wp-json\/wp\/v2\/pages\/4176","targetHints":{"allow":["GET"]}}],"collection":[{"href":"https:\/\/munisanjuansac.org\/msj\/wp-json\/wp\/v2\/pages"}],"about":[{"href":"https:\/\/munisanjuansac.org\/msj\/wp-json\/wp\/v2\/types\/page"}],"author":[{"embeddable":true,"href":"https:\/\/munisanjuansac.org\/msj\/wp-json\/wp\/v2\/users\/5"}],"replies":[{"embeddable":true,"href":"https:\/\/munisanjuansac.org\/msj\/wp-json\/wp\/v2\/comments?post=4176"}],"version-history":[{"count":16,"href":"https:\/\/munisanjuansac.org\/msj\/wp-json\/wp\/v2\/pages\/4176\/revisions"}],"predecessor-version":[{"id":5434,"href":"https:\/\/munisanjuansac.org\/msj\/wp-json\/wp\/v2\/pages\/4176\/revisions\/5434"}],"wp:attachment":[{"href":"https:\/\/munisanjuansac.org\/msj\/wp-json\/wp\/v2\/media?parent=4176"}],"curies":[{"name":"wp","href":"https:\/\/api.w.org\/{rel}","templated":true}]}}