{"id":410,"date":"2016-12-12T07:11:42","date_gmt":"2016-12-12T07:11:42","guid":{"rendered":"https:\/\/munisanjuansac.org\/msj\/?page_id=410"},"modified":"2016-12-12T07:35:41","modified_gmt":"2016-12-12T07:35:41","slug":"proyectos-fondos-propios-2016","status":"publish","type":"page","link":"https:\/\/munisanjuansac.org\/msj\/proyectos-fondos-propios-2016\/","title":{"rendered":"Proyectos Fondos Propios 2016"},"content":{"rendered":"<p>&nbsp;<\/p>\n<table style=\"height: 220px; border-color: #f5f2f2;\" width=\"831\">\n<tbody>\n<tr>\n<td style=\"text-align: center;\"><strong>\u00a0No.<\/strong><\/td>\n<td style=\"text-align: center;\"><strong>\u00a0NOMBRE DEL PROYECTO<\/strong><\/td>\n<td style=\"text-align: center;\"><strong>\u00a0UBICACI\u00d3N DE LA OBRA<\/strong><\/td>\n<td style=\"text-align: center;\"><strong>BENEFICIADOS<\/strong><\/td>\n<\/tr>\n<tr>\n<td style=\"text-align: center;\">1<\/td>\n<td style=\"text-align: center;\">\u00a0Manejo Tren de Aseo (Circuito Limpieza)<\/td>\n<td style=\"text-align: center;\">\u00a0Para el Municipio de San Juan Sacatep\u00e9quez<\/td>\n<td style=\"text-align: center;\">11429 personas<\/td>\n<\/tr>\n<tr>\n<td style=\"text-align: center;\">2<\/td>\n<td style=\"text-align: center;\">Construcci\u00f3n de Escuela Primaria<\/td>\n<td style=\"text-align: center;\">Sector 2, Aldea Cruz Blanca, San Juan Sacatep\u00e9quez<\/td>\n<td style=\"text-align: center;\">500 ni\u00f1os<\/td>\n<\/tr>\n<tr>\n<td style=\"text-align: center;\">3<\/td>\n<td style=\"text-align: center;\">\u00a0Construcci\u00f3n de Escuela Primaria<\/td>\n<td style=\"text-align: center;\">\u00a0Caser\u00edo San Jos\u00e9 lo de Ortega, Aldea Lo de Mej\u00eda<\/td>\n<td style=\"text-align: center;\">\u00a0400 ni\u00f1os<\/td>\n<\/tr>\n<\/tbody>\n<\/table>\n<p>&nbsp;<\/p>\n","protected":false},"excerpt":{"rendered":"<p>&nbsp; \u00a0No. \u00a0NOMBRE DEL PROYECTO \u00a0UBICACI\u00d3N DE LA OBRA BENEFICIADOS 1 \u00a0Manejo Tren de Aseo (Circuito Limpieza) \u00a0Para el Municipio de San Juan Sacatep\u00e9quez 11429 personas 2 Construcci\u00f3n de Escuela&hellip;<\/p>\n","protected":false},"author":1,"featured_media":0,"parent":0,"menu_order":0,"comment_status":"closed","ping_status":"closed","template":"","meta":{"footnotes":""},"class_list":["post-410","page","type-page","status-publish","hentry"],"yoast_head":"<!-- This site is optimized with the Yoast SEO plugin v22.0 - https:\/\/yoast.com\/wordpress\/plugins\/seo\/ -->\n<title>Proyectos Fondos Propios 2016 - Municipalidad de San Juan Sacatep\u00e9quez<\/title>\n<meta name=\"robots\" content=\"index, follow, max-snippet:-1, max-image-preview:large, max-video-preview:-1\" \/>\n<link rel=\"canonical\" href=\"https:\/\/munisanjuansac.org\/msj\/proyectos-fondos-propios-2016\/\" \/>\n<meta property=\"og:locale\" content=\"es_ES\" \/>\n<meta property=\"og:type\" content=\"article\" \/>\n<meta property=\"og:title\" content=\"Proyectos Fondos Propios 2016 - Municipalidad de San Juan Sacatep\u00e9quez\" \/>\n<meta property=\"og:description\" content=\"&nbsp; \u00a0No. \u00a0NOMBRE DEL PROYECTO \u00a0UBICACI\u00d3N DE LA OBRA BENEFICIADOS 1 \u00a0Manejo Tren de Aseo (Circuito Limpieza) \u00a0Para el Municipio de San Juan Sacatep\u00e9quez 11429 personas 2 Construcci\u00f3n de Escuela&hellip;\" \/>\n<meta property=\"og:url\" content=\"https:\/\/munisanjuansac.org\/msj\/proyectos-fondos-propios-2016\/\" \/>\n<meta property=\"og:site_name\" content=\"Municipalidad de San Juan Sacatep\u00e9quez\" \/>\n<meta property=\"article:publisher\" content=\"https:\/\/www.facebook.com\/MunicipalidadSanJuanSacatepequez\" \/>\n<meta property=\"article:modified_time\" content=\"2016-12-12T07:35:41+00:00\" \/>\n<meta name=\"twitter:card\" content=\"summary_large_image\" \/>\n<meta name=\"twitter:site\" content=\"@SanJuanSacatep1\" \/>\n<script type=\"application\/ld+json\" class=\"yoast-schema-graph\">{\"@context\":\"https:\/\/schema.org\",\"@graph\":[{\"@type\":\"WebPage\",\"@id\":\"https:\/\/munisanjuansac.org\/msj\/proyectos-fondos-propios-2016\/\",\"url\":\"https:\/\/munisanjuansac.org\/msj\/proyectos-fondos-propios-2016\/\",\"name\":\"Proyectos Fondos Propios 2016 - Municipalidad de San Juan Sacatep\u00e9quez\",\"isPartOf\":{\"@id\":\"https:\/\/munisanjuansac.org\/msj\/#website\"},\"datePublished\":\"2016-12-12T07:11:42+00:00\",\"dateModified\":\"2016-12-12T07:35:41+00:00\",\"breadcrumb\":{\"@id\":\"https:\/\/munisanjuansac.org\/msj\/proyectos-fondos-propios-2016\/#breadcrumb\"},\"inLanguage\":\"es\",\"potentialAction\":[{\"@type\":\"ReadAction\",\"target\":[\"https:\/\/munisanjuansac.org\/msj\/proyectos-fondos-propios-2016\/\"]}]},{\"@type\":\"BreadcrumbList\",\"@id\":\"https:\/\/munisanjuansac.org\/msj\/proyectos-fondos-propios-2016\/#breadcrumb\",\"itemListElement\":[{\"@type\":\"ListItem\",\"position\":1,\"name\":\"Portada\",\"item\":\"https:\/\/munisanjuansac.org\/msj\/\"},{\"@type\":\"ListItem\",\"position\":2,\"name\":\"Proyectos Fondos Propios 2016\"}]},{\"@type\":\"WebSite\",\"@id\":\"https:\/\/munisanjuansac.org\/msj\/#website\",\"url\":\"https:\/\/munisanjuansac.org\/msj\/\",\"name\":\"Municipalidad de San Juan Sacatep\u00e9quez\",\"description\":\"\",\"publisher\":{\"@id\":\"https:\/\/munisanjuansac.org\/msj\/#organization\"},\"potentialAction\":[{\"@type\":\"SearchAction\",\"target\":{\"@type\":\"EntryPoint\",\"urlTemplate\":\"https:\/\/munisanjuansac.org\/msj\/?s={search_term_string}\"},\"query-input\":\"required name=search_term_string\"}],\"inLanguage\":\"es\"},{\"@type\":\"Organization\",\"@id\":\"https:\/\/munisanjuansac.org\/msj\/#organization\",\"name\":\"Municipalidad de San Juan Sacatep\u00e9quez\",\"url\":\"https:\/\/munisanjuansac.org\/msj\/\",\"logo\":{\"@type\":\"ImageObject\",\"inLanguage\":\"es\",\"@id\":\"https:\/\/munisanjuansac.org\/msj\/#\/schema\/logo\/image\/\",\"url\":\"https:\/\/munisanjuansac.org\/msj\/wp-content\/uploads\/2023\/11\/LOGO-45-DE-ANCHO-POR-50-DE-ALTO-DERECHO-E-IZQUIERDO-921x1024.png\",\"contentUrl\":\"https:\/\/munisanjuansac.org\/msj\/wp-content\/uploads\/2023\/11\/LOGO-45-DE-ANCHO-POR-50-DE-ALTO-DERECHO-E-IZQUIERDO-921x1024.png\",\"width\":921,\"height\":1024,\"caption\":\"Municipalidad de San Juan Sacatep\u00e9quez\"},\"image\":{\"@id\":\"https:\/\/munisanjuansac.org\/msj\/#\/schema\/logo\/image\/\"},\"sameAs\":[\"https:\/\/www.facebook.com\/MunicipalidadSanJuanSacatepequez\",\"https:\/\/twitter.com\/SanJuanSacatep1\",\"https:\/\/www.youtube.com\/@municipalidadsanjuansacate2849\/videos\",\"https:\/\/www.tiktok.com\/@munisanjuansac?lang=es\",\"https:\/\/www.tiktok.com\/@jc_pellecer?lang=es\"]}]}<\/script>\n<!-- \/ Yoast SEO plugin. -->","yoast_head_json":{"title":"Proyectos Fondos Propios 2016 - Municipalidad de San Juan Sacatep\u00e9quez","robots":{"index":"index","follow":"follow","max-snippet":"max-snippet:-1","max-image-preview":"max-image-preview:large","max-video-preview":"max-video-preview:-1"},"canonical":"https:\/\/munisanjuansac.org\/msj\/proyectos-fondos-propios-2016\/","og_locale":"es_ES","og_type":"article","og_title":"Proyectos Fondos Propios 2016 - Municipalidad de San Juan Sacatep\u00e9quez","og_description":"&nbsp; \u00a0No. \u00a0NOMBRE DEL PROYECTO \u00a0UBICACI\u00d3N DE LA OBRA BENEFICIADOS 1 \u00a0Manejo Tren de Aseo (Circuito Limpieza) \u00a0Para el Municipio de San Juan Sacatep\u00e9quez 11429 personas 2 Construcci\u00f3n de Escuela&hellip;","og_url":"https:\/\/munisanjuansac.org\/msj\/proyectos-fondos-propios-2016\/","og_site_name":"Municipalidad de San Juan Sacatep\u00e9quez","article_publisher":"https:\/\/www.facebook.com\/MunicipalidadSanJuanSacatepequez","article_modified_time":"2016-12-12T07:35:41+00:00","twitter_card":"summary_large_image","twitter_site":"@SanJuanSacatep1","schema":{"@context":"https:\/\/schema.org","@graph":[{"@type":"WebPage","@id":"https:\/\/munisanjuansac.org\/msj\/proyectos-fondos-propios-2016\/","url":"https:\/\/munisanjuansac.org\/msj\/proyectos-fondos-propios-2016\/","name":"Proyectos Fondos Propios 2016 - Municipalidad de San Juan Sacatep\u00e9quez","isPartOf":{"@id":"https:\/\/munisanjuansac.org\/msj\/#website"},"datePublished":"2016-12-12T07:11:42+00:00","dateModified":"2016-12-12T07:35:41+00:00","breadcrumb":{"@id":"https:\/\/munisanjuansac.org\/msj\/proyectos-fondos-propios-2016\/#breadcrumb"},"inLanguage":"es","potentialAction":[{"@type":"ReadAction","target":["https:\/\/munisanjuansac.org\/msj\/proyectos-fondos-propios-2016\/"]}]},{"@type":"BreadcrumbList","@id":"https:\/\/munisanjuansac.org\/msj\/proyectos-fondos-propios-2016\/#breadcrumb","itemListElement":[{"@type":"ListItem","position":1,"name":"Portada","item":"https:\/\/munisanjuansac.org\/msj\/"},{"@type":"ListItem","position":2,"name":"Proyectos Fondos Propios 2016"}]},{"@type":"WebSite","@id":"https:\/\/munisanjuansac.org\/msj\/#website","url":"https:\/\/munisanjuansac.org\/msj\/","name":"Municipalidad de San Juan Sacatep\u00e9quez","description":"","publisher":{"@id":"https:\/\/munisanjuansac.org\/msj\/#organization"},"potentialAction":[{"@type":"SearchAction","target":{"@type":"EntryPoint","urlTemplate":"https:\/\/munisanjuansac.org\/msj\/?s={search_term_string}"},"query-input":"required name=search_term_string"}],"inLanguage":"es"},{"@type":"Organization","@id":"https:\/\/munisanjuansac.org\/msj\/#organization","name":"Municipalidad de San Juan Sacatep\u00e9quez","url":"https:\/\/munisanjuansac.org\/msj\/","logo":{"@type":"ImageObject","inLanguage":"es","@id":"https:\/\/munisanjuansac.org\/msj\/#\/schema\/logo\/image\/","url":"https:\/\/munisanjuansac.org\/msj\/wp-content\/uploads\/2023\/11\/LOGO-45-DE-ANCHO-POR-50-DE-ALTO-DERECHO-E-IZQUIERDO-921x1024.png","contentUrl":"https:\/\/munisanjuansac.org\/msj\/wp-content\/uploads\/2023\/11\/LOGO-45-DE-ANCHO-POR-50-DE-ALTO-DERECHO-E-IZQUIERDO-921x1024.png","width":921,"height":1024,"caption":"Municipalidad de San Juan Sacatep\u00e9quez"},"image":{"@id":"https:\/\/munisanjuansac.org\/msj\/#\/schema\/logo\/image\/"},"sameAs":["https:\/\/www.facebook.com\/MunicipalidadSanJuanSacatepequez","https:\/\/twitter.com\/SanJuanSacatep1","https:\/\/www.youtube.com\/@municipalidadsanjuansacate2849\/videos","https:\/\/www.tiktok.com\/@munisanjuansac?lang=es","https:\/\/www.tiktok.com\/@jc_pellecer?lang=es"]}]}},"_links":{"self":[{"href":"https:\/\/munisanjuansac.org\/msj\/wp-json\/wp\/v2\/pages\/410","targetHints":{"allow":["GET"]}}],"collection":[{"href":"https:\/\/munisanjuansac.org\/msj\/wp-json\/wp\/v2\/pages"}],"about":[{"href":"https:\/\/munisanjuansac.org\/msj\/wp-json\/wp\/v2\/types\/page"}],"author":[{"embeddable":true,"href":"https:\/\/munisanjuansac.org\/msj\/wp-json\/wp\/v2\/users\/1"}],"replies":[{"embeddable":true,"href":"https:\/\/munisanjuansac.org\/msj\/wp-json\/wp\/v2\/comments?post=410"}],"version-history":[{"count":12,"href":"https:\/\/munisanjuansac.org\/msj\/wp-json\/wp\/v2\/pages\/410\/revisions"}],"predecessor-version":[{"id":423,"href":"https:\/\/munisanjuansac.org\/msj\/wp-json\/wp\/v2\/pages\/410\/revisions\/423"}],"wp:attachment":[{"href":"https:\/\/munisanjuansac.org\/msj\/wp-json\/wp\/v2\/media?parent=410"}],"curies":[{"name":"wp","href":"https:\/\/api.w.org\/{rel}","templated":true}]}}