{"id":381,"date":"2016-12-04T04:01:25","date_gmt":"2016-12-04T04:01:25","guid":{"rendered":"https:\/\/munisanjuansac.org\/msj\/?page_id=381"},"modified":"2021-02-11T20:36:57","modified_gmt":"2021-02-11T20:36:57","slug":"informe-de-auditorias-gubernamentales-o-privadas-municipalidad-de-san-juan-sacatepequez","status":"publish","type":"page","link":"https:\/\/munisanjuansac.org\/msj\/informe-de-auditorias-gubernamentales-o-privadas-municipalidad-de-san-juan-sacatepequez\/","title":{"rendered":"Informe de Auditorias Gubernamentales o Privadas, Municipalidad de San Juan Sacatep\u00e9quez"},"content":{"rendered":"<p><span style=\"color: #000000;\"><a style=\"color: #000000;\" href=\"https:\/\/munisanjuansac.org\/msj\/wp-content\/uploads\/2016\/12\/Auditoria-Financiera-y-Presupuestaria-2014_bq8wfs6a.pdf\" target=\"_blank\" rel=\"noopener noreferrer\">Informe de Auditoria Financiera y Presupuestaria 2014<\/a><\/span><\/p>\n<p><span style=\"color: #000000;\"><a style=\"color: #000000;\" href=\"https:\/\/munisanjuansac.org\/msj\/wp-content\/uploads\/2016\/12\/Auditoria-Financiera-y-Presupuestaria-2013_aqn1j071.pdf\" target=\"_blank\" rel=\"noopener noreferrer\">Informe de Auditoria Financiera y Presupuestaria 2013<\/a><\/span><\/p>\n<p><a style=\"color: #000000;\" href=\"https:\/\/munisanjuansac.org\/msj\/wp-content\/uploads\/2017\/09\/23-Informe-Contraloria-General-de-Cuentas-2016.pdf\" target=\"_blank\" rel=\"noopener noreferrer\">Informe de\u00a0Contralor\u00eda General de Cuentas 201<\/a>6<\/p>\n<p><span style=\"color: #000000;\"><a style=\"color: #000000;\" href=\"http:\/\/munisanjuansac.org\/archivospublicar\/23A2020%20AUDITORIA%20FINANCIERA%20DEL%2001%20ENE%20AL%2031%20DIC%202019.pdf\">Informe de Auditor\u00eda 2020, Per\u00edodo vigente al 31 de diciembre 2019<\/a><\/span><\/p>\n","protected":false},"excerpt":{"rendered":"<p>Informe de Auditoria Financiera y Presupuestaria 2014 Informe de Auditoria Financiera y Presupuestaria 2013 Informe de\u00a0Contralor\u00eda General de Cuentas 2016 Informe de Auditor\u00eda 2020, Per\u00edodo vigente al 31 de diciembre&hellip;<\/p>\n","protected":false},"author":1,"featured_media":0,"parent":0,"menu_order":0,"comment_status":"closed","ping_status":"closed","template":"","meta":{"footnotes":""},"class_list":["post-381","page","type-page","status-publish","hentry"],"yoast_head":"<!-- This site is optimized with the Yoast SEO plugin v22.0 - https:\/\/yoast.com\/wordpress\/plugins\/seo\/ -->\n<title>Informe de Auditorias Gubernamentales o Privadas, Municipalidad de San Juan Sacatep\u00e9quez - Municipalidad de San Juan Sacatep\u00e9quez<\/title>\n<meta name=\"robots\" content=\"index, follow, max-snippet:-1, max-image-preview:large, max-video-preview:-1\" \/>\n<link rel=\"canonical\" href=\"https:\/\/munisanjuansac.org\/msj\/informe-de-auditorias-gubernamentales-o-privadas-municipalidad-de-san-juan-sacatepequez\/\" \/>\n<meta property=\"og:locale\" content=\"es_ES\" \/>\n<meta property=\"og:type\" content=\"article\" \/>\n<meta property=\"og:title\" content=\"Informe de Auditorias Gubernamentales o Privadas, Municipalidad de San Juan Sacatep\u00e9quez - Municipalidad de San Juan Sacatep\u00e9quez\" \/>\n<meta property=\"og:description\" content=\"Informe de Auditoria Financiera y Presupuestaria 2014 Informe de Auditoria Financiera y Presupuestaria 2013 Informe de\u00a0Contralor\u00eda General de Cuentas 2016 Informe de Auditor\u00eda 2020, Per\u00edodo vigente al 31 de diciembre&hellip;\" \/>\n<meta property=\"og:url\" content=\"https:\/\/munisanjuansac.org\/msj\/informe-de-auditorias-gubernamentales-o-privadas-municipalidad-de-san-juan-sacatepequez\/\" \/>\n<meta property=\"og:site_name\" content=\"Municipalidad de San Juan Sacatep\u00e9quez\" \/>\n<meta property=\"article:publisher\" content=\"https:\/\/www.facebook.com\/MunicipalidadSanJuanSacatepequez\" \/>\n<meta property=\"article:modified_time\" content=\"2021-02-11T20:36:57+00:00\" \/>\n<meta name=\"twitter:card\" content=\"summary_large_image\" \/>\n<meta name=\"twitter:site\" content=\"@SanJuanSacatep1\" \/>\n<script type=\"application\/ld+json\" class=\"yoast-schema-graph\">{\"@context\":\"https:\/\/schema.org\",\"@graph\":[{\"@type\":\"WebPage\",\"@id\":\"https:\/\/munisanjuansac.org\/msj\/informe-de-auditorias-gubernamentales-o-privadas-municipalidad-de-san-juan-sacatepequez\/\",\"url\":\"https:\/\/munisanjuansac.org\/msj\/informe-de-auditorias-gubernamentales-o-privadas-municipalidad-de-san-juan-sacatepequez\/\",\"name\":\"Informe de Auditorias Gubernamentales o Privadas, Municipalidad de San Juan Sacatep\u00e9quez - Municipalidad de San Juan Sacatep\u00e9quez\",\"isPartOf\":{\"@id\":\"https:\/\/munisanjuansac.org\/msj\/#website\"},\"datePublished\":\"2016-12-04T04:01:25+00:00\",\"dateModified\":\"2021-02-11T20:36:57+00:00\",\"breadcrumb\":{\"@id\":\"https:\/\/munisanjuansac.org\/msj\/informe-de-auditorias-gubernamentales-o-privadas-municipalidad-de-san-juan-sacatepequez\/#breadcrumb\"},\"inLanguage\":\"es\",\"potentialAction\":[{\"@type\":\"ReadAction\",\"target\":[\"https:\/\/munisanjuansac.org\/msj\/informe-de-auditorias-gubernamentales-o-privadas-municipalidad-de-san-juan-sacatepequez\/\"]}]},{\"@type\":\"BreadcrumbList\",\"@id\":\"https:\/\/munisanjuansac.org\/msj\/informe-de-auditorias-gubernamentales-o-privadas-municipalidad-de-san-juan-sacatepequez\/#breadcrumb\",\"itemListElement\":[{\"@type\":\"ListItem\",\"position\":1,\"name\":\"Portada\",\"item\":\"https:\/\/munisanjuansac.org\/msj\/\"},{\"@type\":\"ListItem\",\"position\":2,\"name\":\"Informe de Auditorias Gubernamentales o Privadas, Municipalidad de San Juan Sacatep\u00e9quez\"}]},{\"@type\":\"WebSite\",\"@id\":\"https:\/\/munisanjuansac.org\/msj\/#website\",\"url\":\"https:\/\/munisanjuansac.org\/msj\/\",\"name\":\"Municipalidad de San Juan Sacatep\u00e9quez\",\"description\":\"\",\"publisher\":{\"@id\":\"https:\/\/munisanjuansac.org\/msj\/#organization\"},\"potentialAction\":[{\"@type\":\"SearchAction\",\"target\":{\"@type\":\"EntryPoint\",\"urlTemplate\":\"https:\/\/munisanjuansac.org\/msj\/?s={search_term_string}\"},\"query-input\":\"required name=search_term_string\"}],\"inLanguage\":\"es\"},{\"@type\":\"Organization\",\"@id\":\"https:\/\/munisanjuansac.org\/msj\/#organization\",\"name\":\"Municipalidad de San Juan Sacatep\u00e9quez\",\"url\":\"https:\/\/munisanjuansac.org\/msj\/\",\"logo\":{\"@type\":\"ImageObject\",\"inLanguage\":\"es\",\"@id\":\"https:\/\/munisanjuansac.org\/msj\/#\/schema\/logo\/image\/\",\"url\":\"https:\/\/munisanjuansac.org\/msj\/wp-content\/uploads\/2023\/11\/LOGO-45-DE-ANCHO-POR-50-DE-ALTO-DERECHO-E-IZQUIERDO-921x1024.png\",\"contentUrl\":\"https:\/\/munisanjuansac.org\/msj\/wp-content\/uploads\/2023\/11\/LOGO-45-DE-ANCHO-POR-50-DE-ALTO-DERECHO-E-IZQUIERDO-921x1024.png\",\"width\":921,\"height\":1024,\"caption\":\"Municipalidad de San Juan Sacatep\u00e9quez\"},\"image\":{\"@id\":\"https:\/\/munisanjuansac.org\/msj\/#\/schema\/logo\/image\/\"},\"sameAs\":[\"https:\/\/www.facebook.com\/MunicipalidadSanJuanSacatepequez\",\"https:\/\/twitter.com\/SanJuanSacatep1\",\"https:\/\/www.youtube.com\/@municipalidadsanjuansacate2849\/videos\",\"https:\/\/www.tiktok.com\/@munisanjuansac?lang=es\",\"https:\/\/www.tiktok.com\/@jc_pellecer?lang=es\"]}]}<\/script>\n<!-- \/ Yoast SEO plugin. -->","yoast_head_json":{"title":"Informe de Auditorias Gubernamentales o Privadas, Municipalidad de San Juan Sacatep\u00e9quez - Municipalidad de San Juan Sacatep\u00e9quez","robots":{"index":"index","follow":"follow","max-snippet":"max-snippet:-1","max-image-preview":"max-image-preview:large","max-video-preview":"max-video-preview:-1"},"canonical":"https:\/\/munisanjuansac.org\/msj\/informe-de-auditorias-gubernamentales-o-privadas-municipalidad-de-san-juan-sacatepequez\/","og_locale":"es_ES","og_type":"article","og_title":"Informe de Auditorias Gubernamentales o Privadas, Municipalidad de San Juan Sacatep\u00e9quez - Municipalidad de San Juan Sacatep\u00e9quez","og_description":"Informe de Auditoria Financiera y Presupuestaria 2014 Informe de Auditoria Financiera y Presupuestaria 2013 Informe de\u00a0Contralor\u00eda General de Cuentas 2016 Informe de Auditor\u00eda 2020, Per\u00edodo vigente al 31 de diciembre&hellip;","og_url":"https:\/\/munisanjuansac.org\/msj\/informe-de-auditorias-gubernamentales-o-privadas-municipalidad-de-san-juan-sacatepequez\/","og_site_name":"Municipalidad de San Juan Sacatep\u00e9quez","article_publisher":"https:\/\/www.facebook.com\/MunicipalidadSanJuanSacatepequez","article_modified_time":"2021-02-11T20:36:57+00:00","twitter_card":"summary_large_image","twitter_site":"@SanJuanSacatep1","schema":{"@context":"https:\/\/schema.org","@graph":[{"@type":"WebPage","@id":"https:\/\/munisanjuansac.org\/msj\/informe-de-auditorias-gubernamentales-o-privadas-municipalidad-de-san-juan-sacatepequez\/","url":"https:\/\/munisanjuansac.org\/msj\/informe-de-auditorias-gubernamentales-o-privadas-municipalidad-de-san-juan-sacatepequez\/","name":"Informe de Auditorias Gubernamentales o Privadas, Municipalidad de San Juan Sacatep\u00e9quez - Municipalidad de San Juan Sacatep\u00e9quez","isPartOf":{"@id":"https:\/\/munisanjuansac.org\/msj\/#website"},"datePublished":"2016-12-04T04:01:25+00:00","dateModified":"2021-02-11T20:36:57+00:00","breadcrumb":{"@id":"https:\/\/munisanjuansac.org\/msj\/informe-de-auditorias-gubernamentales-o-privadas-municipalidad-de-san-juan-sacatepequez\/#breadcrumb"},"inLanguage":"es","potentialAction":[{"@type":"ReadAction","target":["https:\/\/munisanjuansac.org\/msj\/informe-de-auditorias-gubernamentales-o-privadas-municipalidad-de-san-juan-sacatepequez\/"]}]},{"@type":"BreadcrumbList","@id":"https:\/\/munisanjuansac.org\/msj\/informe-de-auditorias-gubernamentales-o-privadas-municipalidad-de-san-juan-sacatepequez\/#breadcrumb","itemListElement":[{"@type":"ListItem","position":1,"name":"Portada","item":"https:\/\/munisanjuansac.org\/msj\/"},{"@type":"ListItem","position":2,"name":"Informe de Auditorias Gubernamentales o Privadas, Municipalidad de San Juan Sacatep\u00e9quez"}]},{"@type":"WebSite","@id":"https:\/\/munisanjuansac.org\/msj\/#website","url":"https:\/\/munisanjuansac.org\/msj\/","name":"Municipalidad de San Juan Sacatep\u00e9quez","description":"","publisher":{"@id":"https:\/\/munisanjuansac.org\/msj\/#organization"},"potentialAction":[{"@type":"SearchAction","target":{"@type":"EntryPoint","urlTemplate":"https:\/\/munisanjuansac.org\/msj\/?s={search_term_string}"},"query-input":"required name=search_term_string"}],"inLanguage":"es"},{"@type":"Organization","@id":"https:\/\/munisanjuansac.org\/msj\/#organization","name":"Municipalidad de San Juan Sacatep\u00e9quez","url":"https:\/\/munisanjuansac.org\/msj\/","logo":{"@type":"ImageObject","inLanguage":"es","@id":"https:\/\/munisanjuansac.org\/msj\/#\/schema\/logo\/image\/","url":"https:\/\/munisanjuansac.org\/msj\/wp-content\/uploads\/2023\/11\/LOGO-45-DE-ANCHO-POR-50-DE-ALTO-DERECHO-E-IZQUIERDO-921x1024.png","contentUrl":"https:\/\/munisanjuansac.org\/msj\/wp-content\/uploads\/2023\/11\/LOGO-45-DE-ANCHO-POR-50-DE-ALTO-DERECHO-E-IZQUIERDO-921x1024.png","width":921,"height":1024,"caption":"Municipalidad de San Juan Sacatep\u00e9quez"},"image":{"@id":"https:\/\/munisanjuansac.org\/msj\/#\/schema\/logo\/image\/"},"sameAs":["https:\/\/www.facebook.com\/MunicipalidadSanJuanSacatepequez","https:\/\/twitter.com\/SanJuanSacatep1","https:\/\/www.youtube.com\/@municipalidadsanjuansacate2849\/videos","https:\/\/www.tiktok.com\/@munisanjuansac?lang=es","https:\/\/www.tiktok.com\/@jc_pellecer?lang=es"]}]}},"_links":{"self":[{"href":"https:\/\/munisanjuansac.org\/msj\/wp-json\/wp\/v2\/pages\/381","targetHints":{"allow":["GET"]}}],"collection":[{"href":"https:\/\/munisanjuansac.org\/msj\/wp-json\/wp\/v2\/pages"}],"about":[{"href":"https:\/\/munisanjuansac.org\/msj\/wp-json\/wp\/v2\/types\/page"}],"author":[{"embeddable":true,"href":"https:\/\/munisanjuansac.org\/msj\/wp-json\/wp\/v2\/users\/1"}],"replies":[{"embeddable":true,"href":"https:\/\/munisanjuansac.org\/msj\/wp-json\/wp\/v2\/comments?post=381"}],"version-history":[{"count":6,"href":"https:\/\/munisanjuansac.org\/msj\/wp-json\/wp\/v2\/pages\/381\/revisions"}],"predecessor-version":[{"id":3725,"href":"https:\/\/munisanjuansac.org\/msj\/wp-json\/wp\/v2\/pages\/381\/revisions\/3725"}],"wp:attachment":[{"href":"https:\/\/munisanjuansac.org\/msj\/wp-json\/wp\/v2\/media?parent=381"}],"curies":[{"name":"wp","href":"https:\/\/api.w.org\/{rel}","templated":true}]}}