{"id":171,"date":"2016-11-25T19:52:36","date_gmt":"2016-11-25T19:52:36","guid":{"rendered":"https:\/\/munisanjuansac.org\/msj\/?page_id=171"},"modified":"2022-05-18T21:44:23","modified_gmt":"2022-05-18T21:44:23","slug":"informacion-publica","status":"publish","type":"page","link":"https:\/\/munisanjuansac.org\/msj\/informacion-publica\/","title":{"rendered":"A\u00d1OS ANTERIORES"},"content":{"rendered":"<h4 style=\"text-align: left;\"><span style=\"color: #000000;\">LEY DE ACCESO A LA INFORMACI\u00d3N P\u00daBLICA<\/span><\/h4>\n<p>&nbsp;<\/p>\n<h4 style=\"text-align: left;\"><span style=\"color: #000000;\"><a style=\"color: #000000;\" href=\"https:\/\/munisanjuansac.org\/msj\/wp-content\/uploads\/2016\/11\/Decreto-57-2008.pdf\" target=\"_blank\" rel=\"noopener noreferrer\">Decreto 57-2008<\/a><\/span><\/h4>\n<p style=\"text-align: justify;\"><span style=\"color: #000000;\"><strong>Art\u00edculo 10.<\/strong> Informaci\u00f3n p\u00fablica de oficio. Los Sujetos Obligados deber\u00e1n mantener, actualizada y disponible, en todo momento, de acuerdo con sus funciones y a disposici\u00f3n de cualquier interesado, como m\u00ednimo, la siguiente informaci\u00f3n, que podr\u00e1 ser consultada de manera directa o a trav\u00e9s de los portales electr\u00f3nicos de cada sujeto obligado:<\/span><\/p>\n<p style=\"text-align: justify;\"><span style=\"color: #000000;\">1.\u00a0Estructura org\u00e1nica y funciones de cada una de las dependencias y departamentos, incluyendo su marco normativo.<\/span><\/p>\n<ul>\n<li style=\"text-align: justify;\"><a href=\"https:\/\/munisanjuansac.org\/msj\/?page_id=2711&amp;preview=true\" target=\"_blank\" rel=\"noopener noreferrer\"><span style=\"color: #000000;\">Organigrama<\/span><\/a><\/li>\n<li style=\"text-align: justify;\"><span style=\"color: #000000;\"><a style=\"color: #000000;\" href=\"https:\/\/munisanjuansac.org\/msj\/?page_id=3970&amp;preview=true\" target=\"_blank\" rel=\"noopener noreferrer\">Funciones<\/a><\/span><\/li>\n<li><a href=\"https:\/\/munisanjuansac.org\/msj\/marco-normativo-2\/\"><span style=\"color: #000000;\">Marco Normativo<\/span><\/a><\/li>\n<\/ul>\n<p><span style=\"color: #000000;\">2. <a style=\"color: #000000;\" href=\"https:\/\/munisanjuansac.org\/msj\/direcciones-y-telefonos-de-la-municipalidad-de-san-juan-sacatepequez\/\" target=\"_blank\" rel=\"noopener noreferrer\">Direcci\u00f3n y tel\u00e9fonos de la entidad y de todas las dependencias que la conforman<\/a>.<\/span><\/p>\n<p><span style=\"color: #000000;\">3.<a style=\"color: #000000;\" href=\"https:\/\/munisanjuansac.org\/msj\/directorio-de-empleados-y-servidores-publicos\/\" target=\"_blank\" rel=\"noopener noreferrer\"> Directorio de empleados y servidores p\u00fablicos, incluyendo n\u00fameros de tel\u00e9fono y direcciones de correo electr\u00f3nico oficiales no privados; quedan exentos de esta obligaci\u00f3n los sujetos obligados cuando se ponga en riesgo el sistema nacional de seguridad, la investigaci\u00f3n criminal e inteligencia del Estado.<\/a><\/span><\/p>\n<p><span style=\"color: #000000;\">4. <a style=\"color: #000000;\" href=\"https:\/\/munisanjuansac.org\/msj\/sueldos-y-honorarios-municipalidad-de-san-juan-sacatepequez\/\" target=\"_blank\" rel=\"noopener noreferrer\">N\u00famero y nombre de funcionarios, servidores p\u00fablicos, empleados y asesores que laboran en el sujeto obligado y todas sus dependencias, incluyendo salarios que corresponden a cada cargo, honorarios, dietas, bonos, vi\u00e1ticos o cualquier otra remuneraci\u00f3n econ\u00f3mica que perciban por cualquier concepto. Quedan exentos de esta obligaci\u00f3n los sujetos obligados cuando se ponga en riesgo el sistema nacional de seguridad, la investigaci\u00f3n criminal e inteligencia del Estado.<\/a><\/span><\/p>\n<p><span style=\"color: #000000;\">5. <a style=\"color: #000000;\" href=\"https:\/\/munisanjuansac.org\/msj\/?page_id=3981&amp;preview=true\" target=\"_blank\" rel=\"noopener noreferrer\">La misi\u00f3n y objetivos de la instituci\u00f3n, su plan operativo anual y los resultados obtenidos en el cumplimiento de los mismos.<\/a><\/span><\/p>\n<p><span style=\"color: #000000;\">6. <a style=\"color: #000000;\" href=\"https:\/\/munisanjuansac.org\/msj\/?page_id=274&amp;preview=true\" target=\"_blank\" rel=\"noopener noreferrer\">Manuales de procedimientos, tanto administrativos como operativos.<\/a><\/span><\/p>\n<p><span style=\"color: #000000;\">7. <a style=\"color: #000000;\" href=\"https:\/\/munisanjuansac.org\/msj\/presupuesto-anual\/\">La informaci\u00f3n sobre el presupuesto de ingresos y egresos asignado para cada ejercicio fiscal; los programas cuya elaboraci\u00f3n y\/o ejecuci\u00f3n se encuentren a su cargo y todas las modificaciones que se realicen al mismo, incluyendo transferencias internas y externas.<\/a><\/span><\/p>\n<p><span style=\"color: #000000;\">8. <a style=\"color: #000000;\" href=\"https:\/\/munisanjuansac.org\/msj\/presupuesto-de-ingresos-y-egresos-municipalidad-de-san-juan-sacatepequez\/\">Los informes mensuales de ejecuci\u00f3n presupuestaria de todos los renglones y de todas las unidades, tanto operativas como administrativas de la entidad.<\/a><\/span><\/p>\n<p><span style=\"color: #000000;\">9. <a style=\"color: #000000;\" href=\"https:\/\/munisanjuansac.org\/msj\/depositos-constituidos-con-fondos-publicos-municipalidad-de-san-juan-sacatepequez\/\" target=\"_blank\" rel=\"noopener noreferrer\">La informaci\u00f3n detallada sobre los dep\u00f3sitos constituidos con fondos p\u00fablicos provenientes de ingresos ordinarios, extraordinarios, impuestos, fondos privativos, empr\u00e9stitos y donaciones.<\/a><\/span><\/p>\n<p><span style=\"color: #000000;\">10.<a style=\"color: #000000;\" href=\"https:\/\/munisanjuansac.org\/msj\/?page_id=3947&amp;preview=true\" target=\"_blank\" rel=\"noopener noreferrer\"> La informaci\u00f3n relacionada con los procesos de cotizaci\u00f3n y licitaci\u00f3n para la adquisici\u00f3n de bienes que son utilizados para los programas de educaci\u00f3n, salud, seguridad, desarrollo rural y todos aquellos que tienen dentro de sus caracter\u00edsticas la entrega de dichos bienes a beneficiarios directos o indirectos, indicando las cantidades, precios unitarios, los montos, los renglones presupuestarios correspondientes, las caracter\u00edsticas de los proveedores, los detalles de los procesos de adjudicaci\u00f3n y el contenido de los contratos.<\/a><\/span><\/p>\n<p><span style=\"color: #000000;\"><a style=\"color: #000000;\" href=\"https:\/\/munisanjuansac.org\/msj\/contrataciones-de-bienes-y-servicios-municipalidad-de-san-juan-sacatepequez\/\" target=\"_blank\" rel=\"noopener noreferrer\">11. La informaci\u00f3n sobre contrataciones de todos los bienes y servicios que son utilizados por los sujetos obligados, identificando los montos, precios unitarios, costos, los renglones presupuestarios correspondientes, las caracter\u00edsticas de los proveedores, los detalles de los procesos de adjudicaci\u00f3n y el contenido de los contratos.<\/a><\/span><\/p>\n<p><span style=\"color: #000000;\"><a style=\"color: #000000;\" href=\"https:\/\/munisanjuansac.org\/msj\/?page_id=748&amp;preview=true\" target=\"_blank\" rel=\"noopener noreferrer\">12. Listado de viajes nacionales e internacionales autorizados por los sujetos obligados y que son financiados con fondos p\u00fablicos, ya sea para funcionarios p\u00fablicos o para cualquier Decreto N\u00famero 57-2008 Hoja N\u00famero 7 de 20 otra persona, incluyendo objetivos de los viajes, personal autorizado a viajar, destino y costos, tanto de boletos a\u00e9reos como de vi\u00e1ticos.<\/a><\/span><\/p>\n<p><span style=\"color: #000000;\">13. <a style=\"color: #000000;\" href=\"https:\/\/munisanjuansac.org\/msj\/?page_id=310&amp;preview=true\" target=\"_blank\" rel=\"noopener noreferrer\">La informaci\u00f3n relacionada al inventario de bienes muebles e inmuebles con que cuenta cada uno de los sujetos obligados por la presente ley para el cumplimiento de sus atribucio<\/a>nes.<\/span><\/p>\n<p><span style=\"color: #000000;\"><a style=\"color: #000000;\" href=\"https:\/\/munisanjuansac.org\/msj\/?page_id=350&amp;preview=true\" target=\"_blank\" rel=\"noopener noreferrer\">14. Informaci\u00f3n sobre los contratos de mantenimiento de equipo, veh\u00edculos, inmuebles, plantas e instalaciones de todos los sujetos obligados, incluyendo monto y plazo del contrato e informaci\u00f3n del proveedor.<\/a><\/span><\/p>\n<p><span style=\"color: #000000;\"><a style=\"color: #000000;\" href=\"https:\/\/munisanjuansac.org\/msj\/?page_id=358&amp;preview=true\" target=\"_blank\" rel=\"noopener noreferrer\">15. Los montos asignados, los criterios de acceso y los padrones de beneficiarios de los programas de subsidios, becas o transferencias otorgados con fondos p\u00fablicos.<\/a><\/span><\/p>\n<p><a href=\"https:\/\/munisanjuansac.org\/msj\/usufructo\/\" target=\"_blank\" rel=\"noopener noreferrer\"><span style=\"color: #000000;\">16. La informaci\u00f3n relacionada a los contratos, licencias o concesiones para el usufructo o explotaci\u00f3n de bienes del Estado.<\/span><\/a><\/p>\n<p><span style=\"color: #000000;\">17. <a href=\"https:\/\/munisanjuansac.org\/msj\/?page_id=3529&amp;preview=true\">Los listados de las empresas precalificadas para la ejecuci\u00f3n de obras p\u00fablicas, de venta de bienes y de prestaci\u00f3n de servicios de cualquier naturaleza, incluyendo la informaci\u00f3n relacionada a la raz\u00f3n social, capital autorizado y la informaci\u00f3n que corresponda al rengl\u00f3n para el que fueron precalificadas.<\/a><\/span><\/p>\n<p><span style=\"color: #000000;\">18. <a style=\"color: #000000;\" href=\"https:\/\/munisanjuansac.org\/msj\/?page_id=315&amp;preview=true\" target=\"_blank\" rel=\"noopener noreferrer\">El listado de las obras en ejecuci\u00f3n o ejecutadas total o parcialmente con fondos p\u00fablicos, o con recursos provenientes de pr\u00e9stamos otorgados a cualquiera de las entidades del Estado, indicando la ubicaci\u00f3n exacta, el costo total de la obra, la fuente de financiamiento, el tiempo de ejecuci\u00f3n, beneficiarios, empresa o entidad ejecutora, nombre del funcionario responsable de la obra, contenido y especificaciones del contrato correspondiente.<\/a><\/span><\/p>\n<p><span style=\"color: #000000;\"><a style=\"color: #000000;\" href=\"https:\/\/munisanjuansac.org\/msj\/?page_id=362&amp;preview=true\" target=\"_blank\" rel=\"noopener noreferrer\">19. Los contratos de arrendamiento de inmuebles, equipo, maquinaria o cualquier otro bien o servicio, especificando las caracter\u00edsticas de los mismos, motivos del arrendamiento, datos generales del arrendatario, monto y plazo de los contratos.<\/a><\/span><\/p>\n<p><span style=\"color: #000000;\"><a style=\"color: #000000;\" href=\"https:\/\/munisanjuansac.org\/msj\/?page_id=370&amp;preview=true\" target=\"_blank\" rel=\"noopener noreferrer\">20. Informaci\u00f3n sobre todas las contrataciones que se realicen a trav\u00e9s de los procesos de cotizaci\u00f3n y licitaci\u00f3n y sus contratos respectivos, identificando el n\u00famero de operaci\u00f3n correspondiente a los sistemas electr\u00f3nicos de registro de contrataciones de bienes o servicios, fecha de adjudicaci\u00f3n, nombre del proveedor, monto adjudicado, plazo del contrato y fecha de aprobaci\u00f3n del contrato respectivo.<\/a><\/span><\/p>\n<p><span style=\"color: #000000;\">21. <a href=\"https:\/\/munisanjuansac.org\/msj\/?page_id=3510&amp;preview=true\" target=\"_blank\" rel=\"noopener noreferrer\">Destino total del ejercicio de los recursos de los fideicomisos constituidos con fondos p\u00fablicos, incluyendo la informaci\u00f3n relacionada a las cotizaciones o licitaciones realizadas para la ejecuci\u00f3n de dichos recursos y gastos administrativos y operativos del fideicomiso.<\/a><\/span><\/p>\n<p><span style=\"color: #000000;\"><a style=\"color: #000000;\" href=\"https:\/\/munisanjuansac.org\/msj\/?page_id=377&amp;preview=true\" target=\"_blank\" rel=\"noopener noreferrer\">22. El listado de las compras directas realizadas por las dependencias de los sujetos obligados.<\/a><\/span><\/p>\n<p><span style=\"color: #000000;\"><a style=\"color: #000000;\" href=\"https:\/\/munisanjuansac.org\/msj\/informe-de-auditorias-gubernamentales-o-privadas-municipalidad-de-san-juan-sacatepequez\/\" target=\"_blank\" rel=\"noopener noreferrer\">23. Los informes finales de las auditor\u00edas gubernamentales o privadas practicadas a los sujetos obligados, conforme a los per\u00edodos de revisi\u00f3n correspondientes.<\/a><\/span><\/p>\n<p><span style=\"color: #000000;\">24. En caso de las entidades p\u00fablicas o privadas de car\u00e1cter internacional, que manejen o administren fondos p\u00fablicos deber\u00e1n hacer p\u00fablica la informaci\u00f3n obligatoria contenida en los numerales anteriores, relacionada \u00fanicamente a las compras y contrataciones que realicen con dichos fondos.<\/span><\/p>\n<p><span style=\"color: #000000;\">25. En caso de las entidades no gubernamentales o de car\u00e1cter privado que manejen o administren fondos p\u00fablicos deben hacer p\u00fablica la informaci\u00f3n obligatoria contenida en los numerales anteriores, relacionada \u00fanicamente a las compras y contrataciones que realicen con dichos fondos.<\/span><\/p>\n<p><span style=\"color: #000000;\">26. <a style=\"color: #000000;\" href=\"https:\/\/munisanjuansac.org\/msj\/?page_id=4076&amp;preview=true\" target=\"_blank\" rel=\"noopener noreferrer\">Los responsables de los archivos de cada uno de los sujetos obligados deber\u00e1n publicar, por lo menos una vez al a\u00f1o, y a trav\u00e9s del Diario de Centro Am\u00e9rica, un informe sobre: el funcionamiento y finalidad del archivo, sus sistemas de registro y categor\u00edas de informaci\u00f3n, los procedimientos y facilidades de acceso al archivo.<\/a><\/span><\/p>\n<p><span style=\"color: #000000;\">27. <a style=\"color: #000000;\" href=\"https:\/\/munisanjuansac.org\/msj\/informacion-clasificada\/\" target=\"_blank\" rel=\"noopener noreferrer\">El \u00edndice de la informaci\u00f3n debidamente clasificada de acuerdo a esta ley.<\/a><\/span><\/p>\n<p><span style=\"color: #000000;\"><a style=\"color: #000000;\" href=\"https:\/\/munisanjuansac.org\/msj\/?page_id=387&amp;preview=true\" target=\"_blank\" rel=\"noopener noreferrer\">28. Las entidades e instituciones del Estado deber\u00e1n mantener informe actualizado sobre los datos relacionados con la pertenencia socioling\u00fc\u00edstica de los usuarios de sus servicios, a efecto de adecuar la prestaci\u00f3n de los mismos.<\/a><\/span><\/p>\n<p><span style=\"color: #000000;\"><a href=\"https:\/\/munisanjuansac.org\/msj\/?page_id=4053&amp;preview=true\">29. Cualquier otra informaci\u00f3n que sea de utilidad o relevancia para cumplir con los fines y objetivos de la presente ley<\/a>.<\/span><\/p>\n","protected":false},"excerpt":{"rendered":"<p>LEY DE ACCESO A LA INFORMACI\u00d3N P\u00daBLICA &nbsp; Decreto 57-2008 Art\u00edculo 10. Informaci\u00f3n p\u00fablica de oficio. Los Sujetos Obligados deber\u00e1n mantener, actualizada y disponible, en todo momento, de acuerdo con&hellip;<\/p>\n","protected":false},"author":1,"featured_media":0,"parent":0,"menu_order":0,"comment_status":"closed","ping_status":"closed","template":"","meta":{"footnotes":""},"class_list":["post-171","page","type-page","status-publish","hentry"],"yoast_head":"<!-- This site is optimized with the Yoast SEO plugin v22.0 - https:\/\/yoast.com\/wordpress\/plugins\/seo\/ -->\n<title>A\u00d1OS ANTERIORES - Municipalidad de San Juan Sacatep\u00e9quez<\/title>\n<meta name=\"robots\" content=\"index, follow, max-snippet:-1, max-image-preview:large, max-video-preview:-1\" \/>\n<link rel=\"canonical\" href=\"https:\/\/munisanjuansac.org\/msj\/informacion-publica\/\" \/>\n<meta property=\"og:locale\" content=\"es_ES\" \/>\n<meta property=\"og:type\" content=\"article\" \/>\n<meta property=\"og:title\" content=\"A\u00d1OS ANTERIORES - Municipalidad de San Juan Sacatep\u00e9quez\" \/>\n<meta property=\"og:description\" content=\"LEY DE ACCESO A LA INFORMACI\u00d3N P\u00daBLICA &nbsp; Decreto 57-2008 Art\u00edculo 10. Informaci\u00f3n p\u00fablica de oficio. Los Sujetos Obligados deber\u00e1n mantener, actualizada y disponible, en todo momento, de acuerdo con&hellip;\" \/>\n<meta property=\"og:url\" content=\"https:\/\/munisanjuansac.org\/msj\/informacion-publica\/\" \/>\n<meta property=\"og:site_name\" content=\"Municipalidad de San Juan Sacatep\u00e9quez\" \/>\n<meta property=\"article:publisher\" content=\"https:\/\/www.facebook.com\/MunicipalidadSanJuanSacatepequez\" \/>\n<meta property=\"article:modified_time\" content=\"2022-05-18T21:44:23+00:00\" \/>\n<meta name=\"twitter:card\" content=\"summary_large_image\" \/>\n<meta name=\"twitter:site\" content=\"@SanJuanSacatep1\" \/>\n<meta name=\"twitter:label1\" content=\"Tiempo de lectura\" \/>\n\t<meta name=\"twitter:data1\" content=\"6 minutos\" \/>\n<script type=\"application\/ld+json\" class=\"yoast-schema-graph\">{\"@context\":\"https:\/\/schema.org\",\"@graph\":[{\"@type\":\"WebPage\",\"@id\":\"https:\/\/munisanjuansac.org\/msj\/informacion-publica\/\",\"url\":\"https:\/\/munisanjuansac.org\/msj\/informacion-publica\/\",\"name\":\"A\u00d1OS ANTERIORES - Municipalidad de San Juan Sacatep\u00e9quez\",\"isPartOf\":{\"@id\":\"https:\/\/munisanjuansac.org\/msj\/#website\"},\"datePublished\":\"2016-11-25T19:52:36+00:00\",\"dateModified\":\"2022-05-18T21:44:23+00:00\",\"breadcrumb\":{\"@id\":\"https:\/\/munisanjuansac.org\/msj\/informacion-publica\/#breadcrumb\"},\"inLanguage\":\"es\",\"potentialAction\":[{\"@type\":\"ReadAction\",\"target\":[\"https:\/\/munisanjuansac.org\/msj\/informacion-publica\/\"]}]},{\"@type\":\"BreadcrumbList\",\"@id\":\"https:\/\/munisanjuansac.org\/msj\/informacion-publica\/#breadcrumb\",\"itemListElement\":[{\"@type\":\"ListItem\",\"position\":1,\"name\":\"Portada\",\"item\":\"https:\/\/munisanjuansac.org\/msj\/\"},{\"@type\":\"ListItem\",\"position\":2,\"name\":\"A\u00d1OS ANTERIORES\"}]},{\"@type\":\"WebSite\",\"@id\":\"https:\/\/munisanjuansac.org\/msj\/#website\",\"url\":\"https:\/\/munisanjuansac.org\/msj\/\",\"name\":\"Municipalidad de San Juan Sacatep\u00e9quez\",\"description\":\"\",\"publisher\":{\"@id\":\"https:\/\/munisanjuansac.org\/msj\/#organization\"},\"potentialAction\":[{\"@type\":\"SearchAction\",\"target\":{\"@type\":\"EntryPoint\",\"urlTemplate\":\"https:\/\/munisanjuansac.org\/msj\/?s={search_term_string}\"},\"query-input\":\"required name=search_term_string\"}],\"inLanguage\":\"es\"},{\"@type\":\"Organization\",\"@id\":\"https:\/\/munisanjuansac.org\/msj\/#organization\",\"name\":\"Municipalidad de San Juan Sacatep\u00e9quez\",\"url\":\"https:\/\/munisanjuansac.org\/msj\/\",\"logo\":{\"@type\":\"ImageObject\",\"inLanguage\":\"es\",\"@id\":\"https:\/\/munisanjuansac.org\/msj\/#\/schema\/logo\/image\/\",\"url\":\"https:\/\/munisanjuansac.org\/msj\/wp-content\/uploads\/2023\/11\/LOGO-45-DE-ANCHO-POR-50-DE-ALTO-DERECHO-E-IZQUIERDO-921x1024.png\",\"contentUrl\":\"https:\/\/munisanjuansac.org\/msj\/wp-content\/uploads\/2023\/11\/LOGO-45-DE-ANCHO-POR-50-DE-ALTO-DERECHO-E-IZQUIERDO-921x1024.png\",\"width\":921,\"height\":1024,\"caption\":\"Municipalidad de San Juan Sacatep\u00e9quez\"},\"image\":{\"@id\":\"https:\/\/munisanjuansac.org\/msj\/#\/schema\/logo\/image\/\"},\"sameAs\":[\"https:\/\/www.facebook.com\/MunicipalidadSanJuanSacatepequez\",\"https:\/\/twitter.com\/SanJuanSacatep1\",\"https:\/\/www.youtube.com\/@municipalidadsanjuansacate2849\/videos\",\"https:\/\/www.tiktok.com\/@munisanjuansac?lang=es\",\"https:\/\/www.tiktok.com\/@jc_pellecer?lang=es\"]}]}<\/script>\n<!-- \/ Yoast SEO plugin. -->","yoast_head_json":{"title":"A\u00d1OS ANTERIORES - Municipalidad de San Juan Sacatep\u00e9quez","robots":{"index":"index","follow":"follow","max-snippet":"max-snippet:-1","max-image-preview":"max-image-preview:large","max-video-preview":"max-video-preview:-1"},"canonical":"https:\/\/munisanjuansac.org\/msj\/informacion-publica\/","og_locale":"es_ES","og_type":"article","og_title":"A\u00d1OS ANTERIORES - Municipalidad de San Juan Sacatep\u00e9quez","og_description":"LEY DE ACCESO A LA INFORMACI\u00d3N P\u00daBLICA &nbsp; Decreto 57-2008 Art\u00edculo 10. Informaci\u00f3n p\u00fablica de oficio. Los Sujetos Obligados deber\u00e1n mantener, actualizada y disponible, en todo momento, de acuerdo con&hellip;","og_url":"https:\/\/munisanjuansac.org\/msj\/informacion-publica\/","og_site_name":"Municipalidad de San Juan Sacatep\u00e9quez","article_publisher":"https:\/\/www.facebook.com\/MunicipalidadSanJuanSacatepequez","article_modified_time":"2022-05-18T21:44:23+00:00","twitter_card":"summary_large_image","twitter_site":"@SanJuanSacatep1","twitter_misc":{"Tiempo de lectura":"6 minutos"},"schema":{"@context":"https:\/\/schema.org","@graph":[{"@type":"WebPage","@id":"https:\/\/munisanjuansac.org\/msj\/informacion-publica\/","url":"https:\/\/munisanjuansac.org\/msj\/informacion-publica\/","name":"A\u00d1OS ANTERIORES - Municipalidad de San Juan Sacatep\u00e9quez","isPartOf":{"@id":"https:\/\/munisanjuansac.org\/msj\/#website"},"datePublished":"2016-11-25T19:52:36+00:00","dateModified":"2022-05-18T21:44:23+00:00","breadcrumb":{"@id":"https:\/\/munisanjuansac.org\/msj\/informacion-publica\/#breadcrumb"},"inLanguage":"es","potentialAction":[{"@type":"ReadAction","target":["https:\/\/munisanjuansac.org\/msj\/informacion-publica\/"]}]},{"@type":"BreadcrumbList","@id":"https:\/\/munisanjuansac.org\/msj\/informacion-publica\/#breadcrumb","itemListElement":[{"@type":"ListItem","position":1,"name":"Portada","item":"https:\/\/munisanjuansac.org\/msj\/"},{"@type":"ListItem","position":2,"name":"A\u00d1OS ANTERIORES"}]},{"@type":"WebSite","@id":"https:\/\/munisanjuansac.org\/msj\/#website","url":"https:\/\/munisanjuansac.org\/msj\/","name":"Municipalidad de San Juan Sacatep\u00e9quez","description":"","publisher":{"@id":"https:\/\/munisanjuansac.org\/msj\/#organization"},"potentialAction":[{"@type":"SearchAction","target":{"@type":"EntryPoint","urlTemplate":"https:\/\/munisanjuansac.org\/msj\/?s={search_term_string}"},"query-input":"required name=search_term_string"}],"inLanguage":"es"},{"@type":"Organization","@id":"https:\/\/munisanjuansac.org\/msj\/#organization","name":"Municipalidad de San Juan Sacatep\u00e9quez","url":"https:\/\/munisanjuansac.org\/msj\/","logo":{"@type":"ImageObject","inLanguage":"es","@id":"https:\/\/munisanjuansac.org\/msj\/#\/schema\/logo\/image\/","url":"https:\/\/munisanjuansac.org\/msj\/wp-content\/uploads\/2023\/11\/LOGO-45-DE-ANCHO-POR-50-DE-ALTO-DERECHO-E-IZQUIERDO-921x1024.png","contentUrl":"https:\/\/munisanjuansac.org\/msj\/wp-content\/uploads\/2023\/11\/LOGO-45-DE-ANCHO-POR-50-DE-ALTO-DERECHO-E-IZQUIERDO-921x1024.png","width":921,"height":1024,"caption":"Municipalidad de San Juan Sacatep\u00e9quez"},"image":{"@id":"https:\/\/munisanjuansac.org\/msj\/#\/schema\/logo\/image\/"},"sameAs":["https:\/\/www.facebook.com\/MunicipalidadSanJuanSacatepequez","https:\/\/twitter.com\/SanJuanSacatep1","https:\/\/www.youtube.com\/@municipalidadsanjuansacate2849\/videos","https:\/\/www.tiktok.com\/@munisanjuansac?lang=es","https:\/\/www.tiktok.com\/@jc_pellecer?lang=es"]}]}},"_links":{"self":[{"href":"https:\/\/munisanjuansac.org\/msj\/wp-json\/wp\/v2\/pages\/171","targetHints":{"allow":["GET"]}}],"collection":[{"href":"https:\/\/munisanjuansac.org\/msj\/wp-json\/wp\/v2\/pages"}],"about":[{"href":"https:\/\/munisanjuansac.org\/msj\/wp-json\/wp\/v2\/types\/page"}],"author":[{"embeddable":true,"href":"https:\/\/munisanjuansac.org\/msj\/wp-json\/wp\/v2\/users\/1"}],"replies":[{"embeddable":true,"href":"https:\/\/munisanjuansac.org\/msj\/wp-json\/wp\/v2\/comments?post=171"}],"version-history":[{"count":88,"href":"https:\/\/munisanjuansac.org\/msj\/wp-json\/wp\/v2\/pages\/171\/revisions"}],"predecessor-version":[{"id":6225,"href":"https:\/\/munisanjuansac.org\/msj\/wp-json\/wp\/v2\/pages\/171\/revisions\/6225"}],"wp:attachment":[{"href":"https:\/\/munisanjuansac.org\/msj\/wp-json\/wp\/v2\/media?parent=171"}],"curies":[{"name":"wp","href":"https:\/\/api.w.org\/{rel}","templated":true}]}}