{"id":1595,"date":"2018-08-16T19:00:36","date_gmt":"2018-08-16T19:00:36","guid":{"rendered":"https:\/\/munisanjuansac.org\/msj\/?page_id=1595"},"modified":"2018-08-16T19:00:36","modified_gmt":"2018-08-16T19:00:36","slug":"direcciones-y-telefonos-201","status":"publish","type":"page","link":"https:\/\/munisanjuansac.org\/msj\/direcciones-y-telefonos-201\/","title":{"rendered":"Direcciones y Tel\u00e9fonos 2017"},"content":{"rendered":"<p><span style=\"color: #000000;\"><a style=\"color: #000000;\" href=\"https:\/\/munisanjuansac.org\/msj\/wp-content\/uploads\/2016\/11\/2-Direcciones-y-Tel%C3%A9fonos-Enero-2016.pdf\" target=\"_blank\" rel=\"noopener noreferrer\">Direcciones y Tel\u00e9fonos, Enero 2017.\u00a0<\/a><\/span><\/p>\n<p><span style=\"color: #000000;\"><a style=\"color: #000000;\" href=\"https:\/\/munisanjuansac.org\/msj\/wp-content\/uploads\/2016\/11\/2-Direcciones-y-Tel%C3%A9fonos-Febrero-2016.pdf\" target=\"_blank\" rel=\"noopener noreferrer\">Direcciones y Tel\u00e9fonos, Febrero 2017.<\/a><\/span><\/p>\n<p><span style=\"color: #000000;\"><a style=\"color: #000000;\" href=\"https:\/\/munisanjuansac.org\/msj\/wp-content\/uploads\/2017\/08\/2-Direcci%C3%B3n-y-Tel%C3%A9fono-de-la-Entidad-y-Dependencias-Julio-2017-.pdf\" target=\"_blank\" rel=\"noopener noreferrer\">Direcciones y Tel\u00e9fonos, Julio 2017.<\/a><\/span><\/p>\n<p><span style=\"color: #000000;\"><a style=\"color: #000000;\" href=\"https:\/\/munisanjuansac.org\/msj\/wp-content\/uploads\/2017\/09\/2-Direcci%C3%B3n-y-Tel%C3%A9fono-de-la-Entidad-y-Dependencias-Agosto-2017-.pdf\" target=\"_blank\" rel=\"noopener noreferrer\">Direcciones y Tel\u00e9fonos, Agosto 2017.<\/a><\/span><\/p>\n<p><span style=\"color: #000000;\"><a style=\"color: #000000;\" href=\"https:\/\/munisanjuansac.org\/msj\/wp-content\/uploads\/2017\/10\/2-Direcci%C3%B3n-y-Tel%C3%A9fono-de-la-Entidad-y-Dependencias-Septiembre-2017-.pdf\" target=\"_blank\" rel=\"noopener noreferrer\">Direcciones y Tel\u00e9fonos, Septiembre 2017.<\/a><\/span><\/p>\n<p><span style=\"color: #000000;\"><a style=\"color: #000000;\" href=\"https:\/\/munisanjuansac.org\/msj\/wp-content\/uploads\/2017\/11\/2-Direcci%C3%B3n-y-Tel%C3%A9fono-de-la-Entidad-y-Dependencias-Octubre-2017-.pdf\" target=\"_blank\" rel=\"noopener noreferrer\">Direcciones y Tel\u00e9fonos, Octubre 2017.<\/a><\/span><\/p>\n<p><span style=\"color: #000000;\"><a style=\"color: #000000;\" href=\"https:\/\/munisanjuansac.org\/msj\/wp-content\/uploads\/2017\/12\/2-Direcci%C3%B3n-y-Tel%C3%A9fono-de-la-Entidad-y-Dependencias-Noviembre-2017-.pdf\" target=\"_blank\" rel=\"noopener noreferrer\">Direcciones y Tel\u00e9fonos, Noviembre 2017.<\/a><\/span><\/p>\n","protected":false},"excerpt":{"rendered":"<p>Direcciones y Tel\u00e9fonos, Enero 2017.\u00a0 Direcciones y Tel\u00e9fonos, Febrero 2017. Direcciones y Tel\u00e9fonos, Julio 2017. Direcciones y Tel\u00e9fonos, Agosto 2017. Direcciones y Tel\u00e9fonos, Septiembre 2017. Direcciones y Tel\u00e9fonos, Octubre 2017.&hellip;<\/p>\n","protected":false},"author":1,"featured_media":0,"parent":0,"menu_order":0,"comment_status":"closed","ping_status":"closed","template":"","meta":{"footnotes":""},"class_list":["post-1595","page","type-page","status-publish","hentry"],"yoast_head":"<!-- This site is optimized with the Yoast SEO plugin v22.0 - https:\/\/yoast.com\/wordpress\/plugins\/seo\/ -->\n<title>Direcciones y Tel\u00e9fonos 2017 - Municipalidad de San Juan Sacatep\u00e9quez<\/title>\n<meta name=\"robots\" content=\"index, follow, max-snippet:-1, max-image-preview:large, max-video-preview:-1\" \/>\n<link rel=\"canonical\" href=\"https:\/\/munisanjuansac.org\/msj\/direcciones-y-telefonos-201\/\" \/>\n<meta property=\"og:locale\" content=\"es_ES\" \/>\n<meta property=\"og:type\" content=\"article\" \/>\n<meta property=\"og:title\" content=\"Direcciones y Tel\u00e9fonos 2017 - Municipalidad de San Juan Sacatep\u00e9quez\" \/>\n<meta property=\"og:description\" content=\"Direcciones y Tel\u00e9fonos, Enero 2017.\u00a0 Direcciones y Tel\u00e9fonos, Febrero 2017. Direcciones y Tel\u00e9fonos, Julio 2017. Direcciones y Tel\u00e9fonos, Agosto 2017. Direcciones y Tel\u00e9fonos, Septiembre 2017. Direcciones y Tel\u00e9fonos, Octubre 2017.&hellip;\" \/>\n<meta property=\"og:url\" content=\"https:\/\/munisanjuansac.org\/msj\/direcciones-y-telefonos-201\/\" \/>\n<meta property=\"og:site_name\" content=\"Municipalidad de San Juan Sacatep\u00e9quez\" \/>\n<meta property=\"article:publisher\" content=\"https:\/\/www.facebook.com\/MunicipalidadSanJuanSacatepequez\" \/>\n<meta name=\"twitter:card\" content=\"summary_large_image\" \/>\n<meta name=\"twitter:site\" content=\"@SanJuanSacatep1\" \/>\n<script type=\"application\/ld+json\" class=\"yoast-schema-graph\">{\"@context\":\"https:\/\/schema.org\",\"@graph\":[{\"@type\":\"WebPage\",\"@id\":\"https:\/\/munisanjuansac.org\/msj\/direcciones-y-telefonos-201\/\",\"url\":\"https:\/\/munisanjuansac.org\/msj\/direcciones-y-telefonos-201\/\",\"name\":\"Direcciones y Tel\u00e9fonos 2017 - Municipalidad de San Juan Sacatep\u00e9quez\",\"isPartOf\":{\"@id\":\"https:\/\/munisanjuansac.org\/msj\/#website\"},\"datePublished\":\"2018-08-16T19:00:36+00:00\",\"dateModified\":\"2018-08-16T19:00:36+00:00\",\"breadcrumb\":{\"@id\":\"https:\/\/munisanjuansac.org\/msj\/direcciones-y-telefonos-201\/#breadcrumb\"},\"inLanguage\":\"es\",\"potentialAction\":[{\"@type\":\"ReadAction\",\"target\":[\"https:\/\/munisanjuansac.org\/msj\/direcciones-y-telefonos-201\/\"]}]},{\"@type\":\"BreadcrumbList\",\"@id\":\"https:\/\/munisanjuansac.org\/msj\/direcciones-y-telefonos-201\/#breadcrumb\",\"itemListElement\":[{\"@type\":\"ListItem\",\"position\":1,\"name\":\"Portada\",\"item\":\"https:\/\/munisanjuansac.org\/msj\/\"},{\"@type\":\"ListItem\",\"position\":2,\"name\":\"Direcciones y Tel\u00e9fonos 2017\"}]},{\"@type\":\"WebSite\",\"@id\":\"https:\/\/munisanjuansac.org\/msj\/#website\",\"url\":\"https:\/\/munisanjuansac.org\/msj\/\",\"name\":\"Municipalidad de San Juan Sacatep\u00e9quez\",\"description\":\"\",\"publisher\":{\"@id\":\"https:\/\/munisanjuansac.org\/msj\/#organization\"},\"potentialAction\":[{\"@type\":\"SearchAction\",\"target\":{\"@type\":\"EntryPoint\",\"urlTemplate\":\"https:\/\/munisanjuansac.org\/msj\/?s={search_term_string}\"},\"query-input\":\"required name=search_term_string\"}],\"inLanguage\":\"es\"},{\"@type\":\"Organization\",\"@id\":\"https:\/\/munisanjuansac.org\/msj\/#organization\",\"name\":\"Municipalidad de San Juan Sacatep\u00e9quez\",\"url\":\"https:\/\/munisanjuansac.org\/msj\/\",\"logo\":{\"@type\":\"ImageObject\",\"inLanguage\":\"es\",\"@id\":\"https:\/\/munisanjuansac.org\/msj\/#\/schema\/logo\/image\/\",\"url\":\"https:\/\/munisanjuansac.org\/msj\/wp-content\/uploads\/2023\/11\/LOGO-45-DE-ANCHO-POR-50-DE-ALTO-DERECHO-E-IZQUIERDO-921x1024.png\",\"contentUrl\":\"https:\/\/munisanjuansac.org\/msj\/wp-content\/uploads\/2023\/11\/LOGO-45-DE-ANCHO-POR-50-DE-ALTO-DERECHO-E-IZQUIERDO-921x1024.png\",\"width\":921,\"height\":1024,\"caption\":\"Municipalidad de San Juan Sacatep\u00e9quez\"},\"image\":{\"@id\":\"https:\/\/munisanjuansac.org\/msj\/#\/schema\/logo\/image\/\"},\"sameAs\":[\"https:\/\/www.facebook.com\/MunicipalidadSanJuanSacatepequez\",\"https:\/\/twitter.com\/SanJuanSacatep1\",\"https:\/\/www.youtube.com\/@municipalidadsanjuansacate2849\/videos\",\"https:\/\/www.tiktok.com\/@munisanjuansac?lang=es\",\"https:\/\/www.tiktok.com\/@jc_pellecer?lang=es\"]}]}<\/script>\n<!-- \/ Yoast SEO plugin. -->","yoast_head_json":{"title":"Direcciones y Tel\u00e9fonos 2017 - Municipalidad de San Juan Sacatep\u00e9quez","robots":{"index":"index","follow":"follow","max-snippet":"max-snippet:-1","max-image-preview":"max-image-preview:large","max-video-preview":"max-video-preview:-1"},"canonical":"https:\/\/munisanjuansac.org\/msj\/direcciones-y-telefonos-201\/","og_locale":"es_ES","og_type":"article","og_title":"Direcciones y Tel\u00e9fonos 2017 - Municipalidad de San Juan Sacatep\u00e9quez","og_description":"Direcciones y Tel\u00e9fonos, Enero 2017.\u00a0 Direcciones y Tel\u00e9fonos, Febrero 2017. Direcciones y Tel\u00e9fonos, Julio 2017. Direcciones y Tel\u00e9fonos, Agosto 2017. Direcciones y Tel\u00e9fonos, Septiembre 2017. Direcciones y Tel\u00e9fonos, Octubre 2017.&hellip;","og_url":"https:\/\/munisanjuansac.org\/msj\/direcciones-y-telefonos-201\/","og_site_name":"Municipalidad de San Juan Sacatep\u00e9quez","article_publisher":"https:\/\/www.facebook.com\/MunicipalidadSanJuanSacatepequez","twitter_card":"summary_large_image","twitter_site":"@SanJuanSacatep1","schema":{"@context":"https:\/\/schema.org","@graph":[{"@type":"WebPage","@id":"https:\/\/munisanjuansac.org\/msj\/direcciones-y-telefonos-201\/","url":"https:\/\/munisanjuansac.org\/msj\/direcciones-y-telefonos-201\/","name":"Direcciones y Tel\u00e9fonos 2017 - Municipalidad de San Juan Sacatep\u00e9quez","isPartOf":{"@id":"https:\/\/munisanjuansac.org\/msj\/#website"},"datePublished":"2018-08-16T19:00:36+00:00","dateModified":"2018-08-16T19:00:36+00:00","breadcrumb":{"@id":"https:\/\/munisanjuansac.org\/msj\/direcciones-y-telefonos-201\/#breadcrumb"},"inLanguage":"es","potentialAction":[{"@type":"ReadAction","target":["https:\/\/munisanjuansac.org\/msj\/direcciones-y-telefonos-201\/"]}]},{"@type":"BreadcrumbList","@id":"https:\/\/munisanjuansac.org\/msj\/direcciones-y-telefonos-201\/#breadcrumb","itemListElement":[{"@type":"ListItem","position":1,"name":"Portada","item":"https:\/\/munisanjuansac.org\/msj\/"},{"@type":"ListItem","position":2,"name":"Direcciones y Tel\u00e9fonos 2017"}]},{"@type":"WebSite","@id":"https:\/\/munisanjuansac.org\/msj\/#website","url":"https:\/\/munisanjuansac.org\/msj\/","name":"Municipalidad de San Juan Sacatep\u00e9quez","description":"","publisher":{"@id":"https:\/\/munisanjuansac.org\/msj\/#organization"},"potentialAction":[{"@type":"SearchAction","target":{"@type":"EntryPoint","urlTemplate":"https:\/\/munisanjuansac.org\/msj\/?s={search_term_string}"},"query-input":"required name=search_term_string"}],"inLanguage":"es"},{"@type":"Organization","@id":"https:\/\/munisanjuansac.org\/msj\/#organization","name":"Municipalidad de San Juan Sacatep\u00e9quez","url":"https:\/\/munisanjuansac.org\/msj\/","logo":{"@type":"ImageObject","inLanguage":"es","@id":"https:\/\/munisanjuansac.org\/msj\/#\/schema\/logo\/image\/","url":"https:\/\/munisanjuansac.org\/msj\/wp-content\/uploads\/2023\/11\/LOGO-45-DE-ANCHO-POR-50-DE-ALTO-DERECHO-E-IZQUIERDO-921x1024.png","contentUrl":"https:\/\/munisanjuansac.org\/msj\/wp-content\/uploads\/2023\/11\/LOGO-45-DE-ANCHO-POR-50-DE-ALTO-DERECHO-E-IZQUIERDO-921x1024.png","width":921,"height":1024,"caption":"Municipalidad de San Juan Sacatep\u00e9quez"},"image":{"@id":"https:\/\/munisanjuansac.org\/msj\/#\/schema\/logo\/image\/"},"sameAs":["https:\/\/www.facebook.com\/MunicipalidadSanJuanSacatepequez","https:\/\/twitter.com\/SanJuanSacatep1","https:\/\/www.youtube.com\/@municipalidadsanjuansacate2849\/videos","https:\/\/www.tiktok.com\/@munisanjuansac?lang=es","https:\/\/www.tiktok.com\/@jc_pellecer?lang=es"]}]}},"_links":{"self":[{"href":"https:\/\/munisanjuansac.org\/msj\/wp-json\/wp\/v2\/pages\/1595","targetHints":{"allow":["GET"]}}],"collection":[{"href":"https:\/\/munisanjuansac.org\/msj\/wp-json\/wp\/v2\/pages"}],"about":[{"href":"https:\/\/munisanjuansac.org\/msj\/wp-json\/wp\/v2\/types\/page"}],"author":[{"embeddable":true,"href":"https:\/\/munisanjuansac.org\/msj\/wp-json\/wp\/v2\/users\/1"}],"replies":[{"embeddable":true,"href":"https:\/\/munisanjuansac.org\/msj\/wp-json\/wp\/v2\/comments?post=1595"}],"version-history":[{"count":2,"href":"https:\/\/munisanjuansac.org\/msj\/wp-json\/wp\/v2\/pages\/1595\/revisions"}],"predecessor-version":[{"id":1597,"href":"https:\/\/munisanjuansac.org\/msj\/wp-json\/wp\/v2\/pages\/1595\/revisions\/1597"}],"wp:attachment":[{"href":"https:\/\/munisanjuansac.org\/msj\/wp-json\/wp\/v2\/media?parent=1595"}],"curies":[{"name":"wp","href":"https:\/\/api.w.org\/{rel}","templated":true}]}}